{"id":106,"date":"2015-11-02T12:08:44","date_gmt":"2015-11-02T18:08:44","guid":{"rendered":"http:\/\/demo.salgraphics.com\/?page_id=106"},"modified":"2018-01-15T13:00:21","modified_gmt":"2018-01-15T18:00:21","slug":"contact","status":"publish","type":"page","link":"http:\/\/www.pechepanama.com\/fr\/contact\/","title":{"rendered":"CONTACT"},"content":{"rendered":"<p>Olivier P\u00eache Panama est commercialis\u00e9 en France par<\/p>\n<p>PAC Voyages &amp; Piam<\/p>\n<p>7 rue des rosi\u00e9ristes<br \/>\n69410 CHAMPAGNE AU MONT D&rsquo;OR<\/p>\n<p>T\u00e9l : 0033 (0)4 78 33 48 70<br \/>\nFax : 0033 (0)4 78 35 56 24<\/p>\n<p>E-mail : <a href=\"mailto:pacvoyages@wanadoo.fr\">pacvoyages@wanadoo.fr<\/a><\/p>\n<p>Youtube:\u00a0<a href=\"https:\/\/www.youtube.com\/user\/Olivierpeche\">https:\/\/www.youtube.com\/user\/Olivierpeche<\/a><\/p>\n<p>Pour toute demande, Olivier Charpentier, responsable du centre, peut \u00eatre contact\u00e9 sur :<\/p>\n<p>E-mail : <a href=\"mailto:contact@pechepanama.com\">contact@pechepanama.com<\/a><\/p>\n<p>\n\n<!-- Fast Secure Contact Form plugin 4.0.52 - begin - FastSecureContactForm.com -->\r\n<div style=\"clear:both;\"><\/div>\n\r\n<div id=\"FSContact1\" style=\"width:99%; max-width:555px;\">\r\n<form action=\"\/fr\/wp-json\/wp\/v2\/pages\/106#FSContact1\" id=\"fscf_form1\" method=\"post\">\r\n\n<div id=\"fscf_required1\">\n  <span style=\"text-align:left;\">*<\/span> <span style=\"text-align:left;\">indique un champ requis<\/span>\n<\/div>\n\n\n<div id=\"fscf_div_clear1_0\" style=\"clear:both;\">\n  <div id=\"fscf_div_field1_0\" style=\"clear:left; float:left; width:99%; max-width:550px; margin-right:10px;\">\r\n    <div style=\"text-align:left; padding-top:5px;\">\n      <label style=\"text-align:left;\" for=\"fscf_name1\">Nom<span style=\"text-align:left;\">*<\/span><\/label>\n    <\/div>\r\n    <div style=\"text-align:left;\">\r\n      <input style=\"text-align:left; margin:0; width:99%; max-width:250px;\" type=\"text\" id=\"fscf_name1\" name=\"full_name\" value=\"\"  \/>\r\n    <\/div>\r\n  <\/div>\n<\/div>\n\n<div id=\"fscf_div_clear1_1\" style=\"clear:both;\">\n  <div id=\"fscf_div_field1_1\" style=\"clear:left; float:left; width:99%; max-width:550px; margin-right:10px;\">\n    <div style=\"text-align:left; padding-top:5px;\">\n      <label style=\"text-align:left;\" for=\"fscf_email1\">Courriel<span style=\"text-align:left;\">*<\/span><\/label>\n    <\/div>\n    <div style=\"text-align:left;\">\n      <input style=\"text-align:left; margin:0; width:99%; max-width:250px;\" type=\"text\" id=\"fscf_email1\" name=\"email\" value=\"\"  \/>\n    <\/div>\n  <\/div>\n<\/div>\n\n<div id=\"fscf_div_clear1_2\" style=\"clear:both;\">\n  <div id=\"fscf_div_field1_2\" style=\"clear:left; float:left; width:99%; max-width:550px; margin-right:10px;\">\n    <div style=\"text-align:left; padding-top:5px;\">\n      <label style=\"text-align:left;\" for=\"fscf_field1_2\">Sujet<span style=\"text-align:left;\">*<\/span><\/label>\n    <\/div>\n    <div style=\"text-align:left;\">\n      <input style=\"text-align:left; margin:0; width:99%; max-width:250px;\" type=\"text\" id=\"fscf_field1_2\" name=\"subject\" value=\"\"  \/>\n    <\/div>\n  <\/div>\n<\/div>\n\n<div id=\"fscf_div_clear1_3\" style=\"clear:both;\">\n  <div id=\"fscf_div_field1_3\" style=\"clear:left; float:left; width:99%; max-width:550px; margin-right:10px;\">\n    <div style=\"text-align:left; padding-top:5px;\">\n      <label style=\"text-align:left;\" for=\"fscf_field1_3\">Message<span style=\"text-align:left;\">*<\/span><\/label>\n    <\/div>\n    <div style=\"text-align:left;\">\n      <textarea style=\"text-align:left; margin:0; width:99%; max-width:250px; height:120px;\" id=\"fscf_field1_3\" name=\"message\" cols=\"30\" rows=\"10\" ><\/textarea>\n    <\/div>\n  <\/div>\n<\/div>\r\n<div style=\"clear:both;\"><\/div>\n\n<div style=\"text-align:left; padding-top:5px;\">\n<\/div>\n<div id=\"fscf_captcha_image_div1\" style=\"width:250px; height:65px; padding-top:2px;\">\n      <img id=\"fscf_captcha_image1\" style=\"border-style:none; margin:0; padding:0px; padding-right:5px; float:left;\" src=\"http:\/\/www.pechepanama.com\/wp-content\/plugins\/si-contact-form\/captcha\/securimage_show.php?prefix=91qziEliVTwTCbfV\" width=\"175\" height=\"60\" alt=\"Code Anti-spam\" title=\"Code Anti-spam\" \/>\n      <input id=\"fscf_captcha_prefix1\" type=\"hidden\" name=\"fscf_captcha_prefix1\" value=\"91qziEliVTwTCbfV\" \/>\n     <div id=\"fscf_captcha_refresh1\">\n        <a href=\"#\" rel=\"nofollow\" title=\"Rafra\u00eechir\" onclick=\"fscf_captcha_refresh('1','\/wp-content\/plugins\/si-contact-form\/captcha','http:\/\/www.pechepanama.com\/wp-content\/plugins\/si-contact-form\/captcha\/securimage_show.php?prefix='); return false;\">\n        <img src=\"http:\/\/www.pechepanama.com\/wp-content\/plugins\/si-contact-form\/captcha\/images\/refresh.png\" width=\"22\" height=\"20\" alt=\"Rafra\u00eechir\" style=\"border-style:none; margin:0; padding:0px; vertical-align:bottom;\" onclick=\"this.blur();\" \/><\/a>\r\n     <\/div>\r\n<\/div>\r\n\r\n<div id=\"fscf_captcha_field1\" style=\"text-align:left; padding-top:5px;\">\r\n     <label style=\"text-align:left;\" for=\"fscf_captcha_code1\">Code Anti-spam<span style=\"text-align:left;\">*<\/span><\/label>\r\n<\/div>\r\n<div style=\"text-align:left;\">\n     <input style=\"text-align:left; margin:0; width:50px;\" type=\"text\" value=\"\" autocomplete=\"off\" id=\"fscf_captcha_code1\" name=\"captcha_code\"  \/>\n<\/div>\n\n<div id=\"fscf_submit_div1\" style=\"text-align:left; clear:both; padding-top:15px;\">\r\n\t\t<input type=\"submit\" id=\"fscf_submit1\" style=\"cursor:pointer; margin:0;\" value=\"Envoyer\"  onclick=\"this.disabled=true; this.value='Soumis...'; this.form.submit();\" \/> \n<\/div>\n\n<input type=\"hidden\" name=\"fscf_submitted\" value=\"0\" \/>\n<input type=\"hidden\" name=\"fs_postonce_1\" value=\"2ec1a316b0ea1be8f2bf12c2b24294fd,1777910747\" \/>\n<input type=\"hidden\" name=\"si_contact_action\" value=\"send\" \/>\n<input type=\"hidden\" name=\"form_id\" value=\"1\" \/>\n<input type=\"hidden\" name=\"mailto_id\" value=\"1\" \/>\n\n<\/form>\n<\/div>\r\n<div style=\"clear:both;\"><\/div>\n\n<!-- Fast Secure Contact Form plugin 4.0.52 - end - FastSecureContactForm.com -->\n<\/p>","protected":false},"excerpt":{"rendered":"<p>Olivier P\u00eache Panama est commercialis\u00e9 en France par PAC Voyages &amp; Piam 7 rue des rosi\u00e9ristes 69410 CHAMPAGNE AU MONT D&rsquo;OR T\u00e9l : 0033 (0)4 78 33 48 70 Fax : 0033 (0)4 78 35 56 24 E-mail : pacvoyages@wanadoo.fr Youtube:\u00a0https:\/\/www.youtube.com\/user\/Olivierpeche Pour toute demande, Olivier Charpentier, responsable du centre, peut \u2026<\/p>\n<p class=\"continue-reading-button\"> <a class=\"continue-reading-link\" href=\"http:\/\/www.pechepanama.com\/fr\/contact\/\">Continue reading<i class=\"crycon-right-dir\"><\/i><\/a><\/p>\n","protected":false},"author":1,"featured_media":0,"parent":0,"menu_order":5,"comment_status":"closed","ping_status":"closed","template":"","meta":[],"_links":{"self":[{"href":"http:\/\/www.pechepanama.com\/fr\/wp-json\/wp\/v2\/pages\/106"}],"collection":[{"href":"http:\/\/www.pechepanama.com\/fr\/wp-json\/wp\/v2\/pages"}],"about":[{"href":"http:\/\/www.pechepanama.com\/fr\/wp-json\/wp\/v2\/types\/page"}],"author":[{"embeddable":true,"href":"http:\/\/www.pechepanama.com\/fr\/wp-json\/wp\/v2\/users\/1"}],"replies":[{"embeddable":true,"href":"http:\/\/www.pechepanama.com\/fr\/wp-json\/wp\/v2\/comments?post=106"}],"version-history":[{"count":2,"href":"http:\/\/www.pechepanama.com\/fr\/wp-json\/wp\/v2\/pages\/106\/revisions"}],"predecessor-version":[{"id":1082,"href":"http:\/\/www.pechepanama.com\/fr\/wp-json\/wp\/v2\/pages\/106\/revisions\/1082"}],"wp:attachment":[{"href":"http:\/\/www.pechepanama.com\/fr\/wp-json\/wp\/v2\/media?parent=106"}],"curies":[{"name":"wp","href":"https:\/\/api.w.org\/{rel}","templated":true}]}}