{"id":360,"date":"2016-08-18T18:01:36","date_gmt":"2016-08-18T23:01:36","guid":{"rendered":"http:\/\/www.pechepanama.com\/new\/?page_id=360"},"modified":"2018-01-15T10:32:44","modified_gmt":"2018-01-15T15:32:44","slug":"le-lodge-les-bateaux","status":"publish","type":"page","link":"http:\/\/www.pechepanama.com\/fr\/le-lodge-les-bateaux\/","title":{"rendered":"LE LODGE, LES BATEAUX"},"content":{"rendered":"<p><\/p>\n<h2 class=\"p1\"><span class=\"s1\"><b>Le lodge<\/b><\/span><\/h2>\n<p class=\"p3\" style=\"text-align: justify;\"><span class=\"s1\">Olivier Charpentier, fondateur du centre Olivier P\u00eache Panama en 2008, et sa femme Suzy vous accueille au coeur m\u00eame de l\u2019archipel du Chiriqui. L\u2019organisation Olivier P\u00eache est situ\u00e9e au bord du pacifique, \u00e0 l\u2019ouest du Panama, dans le petit village de Boca Chica. Les d\u00e9parts en p\u00eache se prennent \u00e0 proximit\u00e9 imm\u00e9diate du lodge.<\/span><\/p>\n<p><iframe loading=\"lazy\" style=\"border: 0;\" src=\"https:\/\/www.google.com\/maps\/embed?pb=!1m18!1m12!1m3!1d3948.827766896265!2d-82.22362678464137!3d8.22006940339473!2m3!1f0!2f0!3f0!3m2!1i1024!2i768!4f13.1!3m3!1m2!1s0x8fa562a5cba61637%3A0xe267edc934e7cad9!2sOliver+Fishing+Panama!5e0!3m2!1ses-419!2smx!4v1474644980813\" width=\"600\" height=\"450\" frameborder=\"0\" allowfullscreen=\"allowfullscreen\"><\/iframe><\/p>\n<p class=\"p3\" style=\"text-align: justify;\"><span class=\"s1\">Le lodge comporte 3 chambres climatis\u00e9es \u00e0 l\u2019\u00e9tage et une vaste terrasse bar avec vue sur le delta. Suzy prend une attention particuli\u00e8re aux repas, \u00e0 base de poissons, viandes et fruits de mer locaux et cuisin\u00e9s dans un m\u00e9lange subtil de traditions europ\u00e9ennes et africaines. Les ap\u00e9ritifs et les repas sont pris en commun en pr\u00e9servant l\u2019ambiance conviviale d\u2019un club de p\u00eache. Les groupes sont limit\u00e9s \u00e0 6 p\u00eacheurs chaque semaine pour conserver la qualit\u00e9 de prestation et du guidage.<\/span><\/p>\n<p><img loading=\"lazy\" class=\"aligncenter size-full wp-image-1040\" src=\"http:\/\/www.pechepanama.com\/wp-content\/uploads\/2018\/01\/lodge.gif\" alt=\"\" width=\"600\" height=\"400\" \/><\/p>\n<h2 class=\"p3\"><span class=\"s1\"><b>Bateaux:<\/b><\/span><\/h2>\n<p class=\"p3\" style=\"text-align: justify;\"><span class=\"s1\">Le centre dispose de deux coques open Caribepro de 28 pieds doublement motoris\u00e9s de 4 temps 140 cv Suzuki pour la s\u00e9curit\u00e9. Les bateaux sont enti\u00e8rement \u00e9quip\u00e9s pour la p\u00eache dans l\u2019archipel et sont particuli\u00e8rement \u00e9tudi\u00e9s pour la p\u00eache au lancer avec leur vaste plateforme. Ils poss\u00e8dent une grosse autonomie en carburant pour les bivouacs, de nombreux portes cannes, sondeur et GPS, taud pour le soleil, viviers, tuna tubes, eau douce etc. Ce sont de vraies machines de p\u00eache.<\/span><\/p>\n<h3 class=\"p3\" style=\"text-align: justify;\"><span class=\"s1\"><b><img loading=\"lazy\" class=\"aligncenter size-full wp-image-1041\" src=\"http:\/\/www.pechepanama.com\/wp-content\/uploads\/2018\/01\/botes.gif\" alt=\"\" width=\"600\" height=\"400\" \/>Vos guides:<\/b><\/span><\/h3>\n<p class=\"p3\" style=\"text-align: justify;\"><span class=\"s1\">Vos guides sont comp\u00e9tents, passionn\u00e9s et attentifs. Ils connaissent leur zone par coeur et vous monterons les ruses de la p\u00eache dans l\u2019archipel.\u00a0<\/span><\/p>\n<div id=\"attachment_407\" style=\"width: 370px\" class=\"wp-caption alignleft\"><img aria-describedby=\"caption-attachment-407\" loading=\"lazy\" class=\"wp-image-407 \" src=\"http:\/\/www.pechepanama.com\/wp-content\/uploads\/2016\/08\/Olivier-1.jpg\" width=\"360\" height=\"482\" srcset=\"http:\/\/www.pechepanama.com\/wp-content\/uploads\/2016\/08\/Olivier-1.jpg 400w, http:\/\/www.pechepanama.com\/wp-content\/uploads\/2016\/08\/Olivier-1-224x300.jpg 224w\" sizes=\"(max-width: 360px) 100vw, 360px\" \/><p id=\"caption-attachment-407\" class=\"wp-caption-text\">Olivier Charpentier, Fran\u00e7ais, 39 ans. 20 ans d\u2019exp\u00e9rience de p\u00eache et de guidage sur tous les continents. 10 ans de guidage en Am\u00e9rique centrale.<\/p><\/div>\n<div id=\"attachment_406\" style=\"width: 370px\" class=\"wp-caption alignleft\"><img aria-describedby=\"caption-attachment-406\" loading=\"lazy\" class=\"wp-image-406 \" src=\"http:\/\/www.pechepanama.com\/wp-content\/uploads\/2016\/08\/Fillo-1.jpg\" width=\"360\" height=\"392\" srcset=\"http:\/\/www.pechepanama.com\/wp-content\/uploads\/2016\/08\/Fillo-1.jpg 400w, http:\/\/www.pechepanama.com\/wp-content\/uploads\/2016\/08\/Fillo-1-275x300.jpg 275w\" sizes=\"(max-width: 360px) 100vw, 360px\" \/><p id=\"caption-attachment-406\" class=\"wp-caption-text\">Fillo, Panam\u00e9en, 34 ans. Il travaille avec Olivier P\u00eache depuis sa cr\u00e9ation et connait l\u2019archipel comme sa poche.<\/p><\/div>\n<hr \/>\n<h3 class=\"p3\" style=\"text-align: justify;\"><span class=\"s1\"><b>Une semaine type:<\/b><\/span><\/h3>\n<p class=\"p3\" style=\"text-align: justify;\"><span class=\"s1\">Une semaine type chez Olivier P\u00eache comprend 6 jours complets de p\u00eache. Mais il est tout \u00e0 fait possible de demander des jours de p\u00eache suppl\u00e9mentaires car il y a des vols quotidiens de l\u2019Europe au Panama. Les s\u00e9jours peuvent \u00eatre adapt\u00e9s sur mesure.<\/span><\/p>\n<p class=\"p3\" style=\"text-align: justify;\"><span class=\"s1\"><b>JOUR 1:<\/b> d\u00e9part de France (vol Air France ou KLM de CDG) et arriv\u00e9e le soir \u00e0 Panama City.<\/span><\/p>\n<p class=\"p3\" style=\"text-align: justify;\"><span class=\"s1\">Transfert \u00e0 l\u2019hotel Riande Tocumen ou Continental pour passer la nuit.<\/span><\/p>\n<p class=\"p3\" style=\"text-align: justify;\"><span class=\"s1\"><b>JOUR 2:<\/b> Retour \u00e0 l\u2019a\u00e9roport pour prendre le vol de Panama \u00e0 David avec la compagnie COPA.<\/span><\/p>\n<p class=\"p3\" style=\"text-align: justify;\"><span class=\"s1\">Accueil \u00e0 David et transfert vers le lodge. Installation et pr\u00e9paration du mat\u00e9riel.<\/span><\/p>\n<p class=\"p3\" style=\"text-align: justify;\"><span class=\"s1\"><b>JOUR 3 au JOUR 8:<\/b> Six jours complets de p\u00eache guid\u00e9s \u00e0 travers l\u2019archipel, possibilit\u00e9 de bivouac.<\/span><\/p>\n<p class=\"p3\" style=\"text-align: justify;\"><span class=\"s1\"><b>JOUR 9:<\/b> Transfert vers David, puis David Panama et retour vers l\u2019Europe.<\/span><\/p>\n<h3 class=\"p3\" style=\"text-align: justify;\"><span class=\"s1\"><b>Saisons et techniques:<\/b><\/span><\/h3>\n<p class=\"p3\" style=\"text-align: justify;\"><span class=\"s1\">C\u2019est la question la plus souvent pos\u00e9e. Quelle est la meilleure p\u00e9riode pour venir?<\/span><\/p>\n<p class=\"p3\" style=\"text-align: justify;\"><span class=\"s1\">Le lodge Olivier P\u00eache est ouvert du 1 d\u00e9cembre au 30 juin.<\/span><\/p>\n<p class=\"p3\" style=\"text-align: justify;\"><span class=\"s1\">Les moins de juillet \u00e0 novembre correspondent au pic de la saison des pluies, p\u00e9riode pendant laquelle le centre est ferm\u00e9.<\/span><\/p>\n<p class=\"p3\" style=\"text-align: justify;\"><span class=\"s1\">La p\u00eache sur la fa\u00e7ade pacifique est intimement li\u00e9e aux courants p\u00e9lagiques et \u00e0 la temp\u00e9rature de l\u2019eau qu\u2019ils am\u00e8nent. Tout le monde a entendu parl\u00e9 des courants du Nino ou de la Nina qui peuvent conditionner la p\u00eache. Mais ces ph\u00e9nom\u00e8nes sont plus complexes que cela et variables d\u2019une saison \u00e0 l\u2019autre. Les mar\u00e9es et les lunes ont aussi leur r\u00f4le, mais \u00e0 moindre mesure compar\u00e9 \u00e0 d\u2019autres endroits dans le monde. Vous l\u2019aurez compris, la p\u00eache dans le pacifique central n\u2019est pas facile \u00e0 sch\u00e9matiser. Mais la diversit\u00e9 des poissons permettent de r\u00e9aliser des p\u00eaches r\u00e9guli\u00e8res. Chaque saison a sa sp\u00e9cialit\u00e9. Le maitre mot, s\u2019adapter aux conditions. Par exemple, les marlins et les thons peuvent \u00eatre rencontr\u00e9s \u00e0 tout au long de la saison, mais certains mois sont meilleurs.<\/span><\/p>\n<p class=\"p3\" style=\"text-align: justify;\"><span class=\"s1\"><img loading=\"lazy\" class=\"aligncenter size-large wp-image-412\" src=\"http:\/\/www.pechepanama.com\/wp-content\/uploads\/2016\/08\/tabla-tamporadas-1-1024x278.jpg\" alt=\"tabla-tamporadas\" width=\"900\" height=\"244\" srcset=\"http:\/\/www.pechepanama.com\/wp-content\/uploads\/2016\/08\/tabla-tamporadas-1-1024x278.jpg 1024w, http:\/\/www.pechepanama.com\/wp-content\/uploads\/2016\/08\/tabla-tamporadas-1-300x82.jpg 300w, http:\/\/www.pechepanama.com\/wp-content\/uploads\/2016\/08\/tabla-tamporadas-1-768x209.jpg 768w, http:\/\/www.pechepanama.com\/wp-content\/uploads\/2016\/08\/tabla-tamporadas-1.jpg 1034w\" sizes=\"(max-width: 900px) 100vw, 900px\" \/>Voil\u00e0 ce qu\u2019on peut retenir apr\u00e8s des notes prises sur plusieurs saisons.<\/span><\/p>\n<p class=\"p3\" style=\"text-align: justify;\"><span class=\"s1\"><strong>La sp\u00e9cialit\u00e9 chez OlivierP\u00eache est le lancer.<\/strong> C\u2019est une technique active qui permet de capturer un grand nombre d\u2019esp\u00e8ces et de ne jamais s\u2019ennuyer. On pratique aussi le jig, la traine lente de vifs, la p\u00eache \u00e0 soutenir, la catalina avec des bonites, la traine rapide pour les rostres, entre autre. Un s\u00e9jour chez Olivier est aussi un moyen de d\u00e9couvrir et d\u2019apprendre de nouvelles techniques.<\/span><\/p>\n<p><\/p>","protected":false},"excerpt":{"rendered":"<p>Le lodge Olivier Charpentier, fondateur du centre Olivier P\u00eache Panama en 2008, et sa femme Suzy vous accueille au coeur m\u00eame de l\u2019archipel du Chiriqui. L\u2019organisation Olivier P\u00eache est situ\u00e9e au bord du pacifique, \u00e0 l\u2019ouest du Panama, dans le petit village de Boca Chica. Les d\u00e9parts en p\u00eache se \u2026<\/p>\n<p class=\"continue-reading-button\"> <a class=\"continue-reading-link\" href=\"http:\/\/www.pechepanama.com\/fr\/le-lodge-les-bateaux\/\">Continue reading<i class=\"crycon-right-dir\"><\/i><\/a><\/p>\n","protected":false},"author":1,"featured_media":0,"parent":0,"menu_order":0,"comment_status":"closed","ping_status":"closed","template":"","meta":[],"_links":{"self":[{"href":"http:\/\/www.pechepanama.com\/fr\/wp-json\/wp\/v2\/pages\/360"}],"collection":[{"href":"http:\/\/www.pechepanama.com\/fr\/wp-json\/wp\/v2\/pages"}],"about":[{"href":"http:\/\/www.pechepanama.com\/fr\/wp-json\/wp\/v2\/types\/page"}],"author":[{"embeddable":true,"href":"http:\/\/www.pechepanama.com\/fr\/wp-json\/wp\/v2\/users\/1"}],"replies":[{"embeddable":true,"href":"http:\/\/www.pechepanama.com\/fr\/wp-json\/wp\/v2\/comments?post=360"}],"version-history":[{"count":28,"href":"http:\/\/www.pechepanama.com\/fr\/wp-json\/wp\/v2\/pages\/360\/revisions"}],"predecessor-version":[{"id":1042,"href":"http:\/\/www.pechepanama.com\/fr\/wp-json\/wp\/v2\/pages\/360\/revisions\/1042"}],"wp:attachment":[{"href":"http:\/\/www.pechepanama.com\/fr\/wp-json\/wp\/v2\/media?parent=360"}],"curies":[{"name":"wp","href":"https:\/\/api.w.org\/{rel}","templated":true}]}}