{"id":414,"date":"2016-08-22T17:15:52","date_gmt":"2016-08-22T22:15:52","guid":{"rendered":"http:\/\/www.pechepanama.com\/new\/?page_id=414"},"modified":"2018-01-15T12:14:16","modified_gmt":"2018-01-15T17:14:16","slug":"la-peche-les-poissons","status":"publish","type":"page","link":"http:\/\/www.pechepanama.com\/fr\/la-peche-les-poissons\/","title":{"rendered":"LE PECHE, LES POISSONS"},"content":{"rendered":"<p><\/p>\n<p class=\"p1\" style=\"text-align: justify;\"><span class=\"s1\">La multitude des \u00eeles (plus de 80), hauts fonds, roches, tables et tombants cr\u00e9ent un abri unique pour les poissons. Chaque syst\u00e8me d\u2019\u00eeles poss\u00e8de ses esp\u00e8ces et ses techniques. Les \u00eeles plus proches sont le domaine des esp\u00e8ces semi s\u00e9dentaires comme les cuberas et les poissons coqs. Les \u00eeles plus \u00e9loign\u00e9es permettent de combiner les p\u00eaches de roches avec celle des poissons p\u00e9lagiques, marlins, voiliers et gros thons jaunes. La diversit\u00e9 et la taille des poissons rencontr\u00e9s est impressionnante, ainsi que les techniques possibles pour les attraper. <\/span><\/p>\n<p class=\"p1\" style=\"text-align: justify;\"><span class=\"s1\">Le vrai sens d\u2019une approche multip\u00eache. L\u2019archipel est si vaste qu\u2019il faudrait plus de trois semaines pour p\u00eacher les spots dans leur totalit\u00e9. Le grand internet de la destination est de pouvoir esp\u00e9rer prendre de nombreuses esp\u00e8ces au cours du m\u00eame s\u00e9jour. Je conseille de ne pas focaliser sur un seul poisson ou une seule technique. Pourquoi ne pas essayer le popper, puis se laisser s\u00e9duire par une partie de traine au rostre ou un coup de jig! Tout ceci est possible dans une m\u00eame journ\u00e9e.<\/span><\/p>\n<p class=\"p1\" style=\"text-align: justify;\"><span class=\"s1\"><img loading=\"lazy\" class=\"aligncenter size-full wp-image-1060\" src=\"http:\/\/www.pechepanama.com\/wp-content\/uploads\/2018\/01\/archipielago.gif\" alt=\"\" width=\"600\" height=\"400\" \/>Rapide tour d\u2019horizon des grandes esp\u00e8ces sportives pr\u00e9sentes l\u2019archipel.<\/span><\/p>\n<hr \/>\n<h2 class=\"p1\" style=\"text-align: justify;\"><span class=\"s1\"><b>Le grand Cubera<\/b><\/span><\/h2>\n<div class=\"ezcol ezcol-one-third\">\n<p class=\"p1\" style=\"text-align: justify;\">C\u2019est la terreur du r\u00e9cif. La puissance et la strat\u00e9gie des cuberas impose d\u2019utiliser de gros leurres et des cannes de lancer fortes. Une fois piqu\u00e9, il ne cherche qu\u2019une seule chose, la roche pour y casser le fil, et au p\u00eacheur de brider, brider au plus fort.<\/p>\n<p class=\"p1\" style=\"text-align: justify;\">Le cubera est un poisson s\u00e9lectif et tr\u00e8s intelligent. Il demande une recherche sp\u00e9cifique et motiv\u00e9e de la part du p\u00eacheur. On p\u00eache le cubera avec de gros poppers et de gros sticks baits coulants. Un vif peut aussi \u00eatre utilis\u00e9 avec succ\u00e8s.<\/div>\n<div class=\"ezcol ezcol-one-half\"><img loading=\"lazy\" class=\"aligncenter wp-image-1043\" src=\"http:\/\/www.pechepanama.com\/wp-content\/uploads\/2018\/01\/cubera.gif\" alt=\"\" width=\"500\" height=\"375\" \/><\/div>\n<hr \/>\n<h2><b>Les autres esp\u00e8ces de lutjans:<\/b><\/h2>\n<div class=\"ezcol ezcol-one-third\">\n<p class=\"p1\" style=\"text-align: justify;\"><span class=\"s1\">D\u2019autres esp\u00e8ces de lutjans fr\u00e9quentent l\u2019archipel comme le lutjans \u00e0 queue jaune, lutjans peru, Colorado et rockero. Mais le plus sportif et le plus combatif est le mulet snapper. <\/span><\/p>\n<p class=\"p1\" style=\"text-align: justify;\">C\u2019est un poisson semi p\u00e9lagique qui vit sur le sommet des montagnes sous marines. Il attaque bien les leurres.<\/div><div class=\"ezcol ezcol-one-half\"><img loading=\"lazy\" class=\"aligncenter size-full wp-image-1049\" src=\"http:\/\/www.pechepanama.com\/wp-content\/uploads\/2018\/01\/lutans.gif\" alt=\"\" width=\"600\" height=\"400\" \/><\/div><\/p>\n<hr \/>\n<h2 class=\"p1\" style=\"text-align: justify;\"><span class=\"s1\"><b>Le poisson coqs<\/b><\/span><\/h2>\n<div class=\"ezcol ezcol-one-third\">\n<p class=\"p1\" style=\"text-align: justify;\"><span class=\"s1\">C\u2019est le poisson embl\u00e8me d\u2019Am\u00e9rique centrale. Tr\u00e8s end\u00e9mique, il n\u2019est pr\u00e9sent que de la Colombie au Mexique, et uniquement sur la fa\u00e7ade pacifique. <\/span><\/p>\n<p class=\"p1\" style=\"text-align: justify;\"><span class=\"s1\">Le Panama abrite de tr\u00e8s gros poissons coqs. Isla Secas, Paridas et Bolanos sont tr\u00e8s r\u00e9put\u00e9es. On le recherche le poisson coq au popper mais la traine lente de vifs et aussi tr\u00e8s efficace.<\/div><div class=\"ezcol ezcol-one-half\"><img loading=\"lazy\" class=\"aligncenter size-full wp-image-1051\" src=\"http:\/\/www.pechepanama.com\/wp-content\/uploads\/2018\/01\/gallos.gif\" alt=\"\" width=\"600\" height=\"400\" \/><\/div><\/span><\/p>\n<hr \/>\n<h2 class=\"p1\" style=\"text-align: justify;\"><span class=\"s1\"><b>Les serioles rivolana et peru<\/b><\/span><\/h2>\n<div class=\"ezcol ezcol-one-third\">\n<p class=\"p1\" style=\"text-align: justify;\"><span class=\"s1\">Gros combattant \u00e0 l\u2019attaque violente, la seriole est un superbe poisson \u00e0 prendre au jig. Mais parfois, c\u2019est sur un stick et voir m\u00eame un popper qu\u2019elles attaquent.<\/span><\/p>\n<p class=\"p1\" style=\"text-align: justify;\"><span class=\"s1\">Deux esp\u00e8ces de serioles sont pr\u00e9sentes, la rivolana et la plus petite s\u00e9riole peru.<\/div><div class=\"ezcol ezcol-one-half\"><img loading=\"lazy\" class=\"aligncenter size-full wp-image-1054\" src=\"http:\/\/www.pechepanama.com\/wp-content\/uploads\/2018\/01\/amberjacks.gif\" alt=\"\" width=\"600\" height=\"400\" \/><\/div><\/span><\/p>\n<hr \/>\n<h2 class=\"p1\" style=\"text-align: justify;\"><span class=\"s1\"><b>Les carangues:<\/b><\/span><\/h2>\n<div class=\"ezcol ezcol-one-third\">\n<p class=\"p1\" style=\"text-align: justify;\"><span class=\"s1\">Quatre vari\u00e9t\u00e9s de caranguid\u00e9s sont \u00e0 prendre: carangue caninus, \u00e0 point bleus, gros yeux et pompanos. Les carangues caninus sont tr\u00e8s nombreuses de janvier \u00e0 mars et permettent des scores impressionnants au popper.<\/div><div class=\"ezcol ezcol-one-half\"><img loading=\"lazy\" class=\"aligncenter size-full wp-image-1056\" src=\"http:\/\/www.pechepanama.com\/wp-content\/uploads\/2018\/01\/jureles.gif\" alt=\"\" width=\"600\" height=\"400\" \/><\/div><\/span><\/p>\n<hr \/>\n<h2 class=\"p1\" style=\"text-align: justify;\"><span class=\"s1\"><b>Les m\u00e9rous:<\/b><\/span><\/h2>\n<div class=\"ezcol ezcol-one-third\">\n<p class=\"p1\" style=\"text-align: justify;\"><span class=\"s1\">A prendre au jig et \u00e0 soutenir. Les \u00ab\u00a0cabrillas et chernas\u00a0\u00bb sont nombreuses sur certains tombants. Le plus beau est le broumtail grouper, (m\u00e9rou \u00e0 queue de balais)<\/span><\/p>\n<\/div><div class=\"ezcol ezcol-one-half\"><img loading=\"lazy\" class=\"aligncenter size-full wp-image-1058\" src=\"http:\/\/www.pechepanama.com\/wp-content\/uploads\/2018\/01\/meros.gif\" alt=\"\" width=\"600\" height=\"400\" \/><\/div><\/p>\n<hr \/>\n<h2 class=\"p1\" style=\"text-align: justify;\"><span class=\"s1\"><b>Les requins:<\/b><\/span><\/h2>\n<div class=\"ezcol ezcol-one-third\">\n<p class=\"p1\" style=\"text-align: justify;\"><span class=\"s1\">Sans \u00eatre envahissants, de beaux requins sont pr\u00e9sents sur la zone. Marteaux, taureaux et pointes noires, mais surtout les fameux requins bronz\u00e9s. Ces derniers p\u00e8sent 100 kg ou plus et attaquent volontiers les poppers! <\/span><\/p>\n<p class=\"p1\" style=\"text-align: justify;\"><span class=\"s1\">Gros combat garanti et attaques spectaculaires! Les bronz\u00e9s sont surtout pr\u00e9sents aux iles Ladrones et autour des cath\u00e9drales de Jicaron.<\/div><div class=\"ezcol ezcol-one-half\"><img loading=\"lazy\" class=\"aligncenter size-full wp-image-1062\" src=\"http:\/\/www.pechepanama.com\/wp-content\/uploads\/2018\/01\/tiburones.gif\" alt=\"\" width=\"600\" height=\"400\" \/><\/div><\/span><\/p>\n<hr \/>\n<h2 class=\"p1\" style=\"text-align: justify;\"><span class=\"s1\"><b>Les marlins noirs et les voiliers:<\/b><\/span><\/h2>\n<div class=\"ezcol ezcol-one-third\">\n<p class=\"p1\" style=\"text-align: justify;\"><span class=\"s1\">Le Panama est un haut lieu pour la p\u00eache des poissons \u00e0 rostre. Chaque saison, nous b\u00e9n\u00e9ficions de grands passages de marlins et de voiliers qui s\u2019attardent autour du volcan sous marin de la burbuja et du hannibal bank. Il n\u2019est pas rare lors d\u2019une partie de traine d\u2019avoir 7 ou 8 poissons venant attaquer les leurres.<\/div><div class=\"ezcol ezcol-one-half\"><img loading=\"lazy\" class=\"aligncenter size-full wp-image-1063\" src=\"http:\/\/www.pechepanama.com\/wp-content\/uploads\/2018\/01\/pelagicos.gif\" alt=\"\" width=\"600\" height=\"400\" \/><\/div><\/span><\/p>\n<hr \/>\n<h2 class=\"p1\" style=\"text-align: justify;\"><span class=\"s1\"><b>Les grands thons jaunes:<\/b><\/span><\/h2>\n<div class=\"ezcol ezcol-one-third\">\n<p class=\"p1\" style=\"text-align: justify;\"><span class=\"s1\">La saison des grandes chasses de thons sont attendues chaque saison avec impatience. Ces chasses m\u00e9lang\u00e9es aux dauphins donnent naissance \u00e0 de v\u00e9ritables bouillonnements appel\u00e9s \u00ab\u00a0lavadoras\u00a0\u00bb, mot pour mot la machine \u00e0 laver. La p\u00eache prend alors des allures de course poursuite et d\u2019affuts, presque plus proches de la chasse que de la p\u00eache! On attaque ces chasses au lancer. Le mat\u00e9riel doit \u00eatre au top pour r\u00e9sister \u00e0 l\u2019incroyable rush et \u00e0 la force de ces poissons. Les combats sont tr\u00e8s durs, surtout sur des cannes \u00e0 lancer. C\u2019est une p\u00eache extr\u00e8me.<\/span><\/p>\n<p class=\"p1\" style=\"text-align: justify;\"><span class=\"s1\">Chaque ann\u00e9e nous sortons des thons jaunes de plus de 100 kg, et les prises entre autour de 70 kg sont fr\u00e9quentes. La grande saison des thons se situe d\u2019avril \u00e0 fin juin, principalement autour de Montuosa.<\/div><div class=\"ezcol ezcol-one-half\"><\/span><\/p>\n<p><img loading=\"lazy\" class=\"aligncenter size-full wp-image-1065\" src=\"http:\/\/www.pechepanama.com\/wp-content\/uploads\/2018\/01\/atunes.gif\" alt=\"\" width=\"600\" height=\"400\" \/><\/p>\n<p class=\"p1\" style=\"text-align: justify;\"><span class=\"s1\"><\/div><\/span><\/p>\n<hr \/>\n<h2 class=\"p1\" style=\"text-align: justify;\"><span class=\"s1\"><b>Les autres esp\u00e8ces:<\/b><\/span><\/h2>\n<div class=\"ezcol ezcol-one-third\">\n<p class=\"p1\" style=\"text-align: justify;\"><span class=\"s1\">De nombreuses autres esp\u00e8ces attaquent les leurres dans l\u2019archipel: Coryph\u00e8nes, barracudas, sierras, orphies tropicales et rainbow runners, entre autres\u2026<\/div><div class=\"ezcol ezcol-one-half\"><img loading=\"lazy\" class=\"aligncenter size-full wp-image-1067\" src=\"http:\/\/www.pechepanama.com\/wp-content\/uploads\/2018\/01\/otras.gif\" alt=\"\" width=\"600\" height=\"400\" \/><\/div><\/span><\/p>\n<p><\/p>","protected":false},"excerpt":{"rendered":"<p>La multitude des \u00eeles (plus de 80), hauts fonds, roches, tables et tombants cr\u00e9ent un abri unique pour les poissons. Chaque syst\u00e8me d\u2019\u00eeles poss\u00e8de ses esp\u00e8ces et ses techniques. Les \u00eeles plus proches sont le domaine des esp\u00e8ces semi s\u00e9dentaires comme les cuberas et les poissons coqs. Les \u00eeles plus \u2026<\/p>\n<p class=\"continue-reading-button\"> <a class=\"continue-reading-link\" href=\"http:\/\/www.pechepanama.com\/fr\/la-peche-les-poissons\/\">Continue reading<i class=\"crycon-right-dir\"><\/i><\/a><\/p>\n","protected":false},"author":1,"featured_media":0,"parent":0,"menu_order":0,"comment_status":"closed","ping_status":"closed","template":"","meta":[],"_links":{"self":[{"href":"http:\/\/www.pechepanama.com\/fr\/wp-json\/wp\/v2\/pages\/414"}],"collection":[{"href":"http:\/\/www.pechepanama.com\/fr\/wp-json\/wp\/v2\/pages"}],"about":[{"href":"http:\/\/www.pechepanama.com\/fr\/wp-json\/wp\/v2\/types\/page"}],"author":[{"embeddable":true,"href":"http:\/\/www.pechepanama.com\/fr\/wp-json\/wp\/v2\/users\/1"}],"replies":[{"embeddable":true,"href":"http:\/\/www.pechepanama.com\/fr\/wp-json\/wp\/v2\/comments?post=414"}],"version-history":[{"count":24,"href":"http:\/\/www.pechepanama.com\/fr\/wp-json\/wp\/v2\/pages\/414\/revisions"}],"predecessor-version":[{"id":1069,"href":"http:\/\/www.pechepanama.com\/fr\/wp-json\/wp\/v2\/pages\/414\/revisions\/1069"}],"wp:attachment":[{"href":"http:\/\/www.pechepanama.com\/fr\/wp-json\/wp\/v2\/media?parent=414"}],"curies":[{"name":"wp","href":"https:\/\/api.w.org\/{rel}","templated":true}]}}