{"id":590,"date":"2016-08-24T15:21:36","date_gmt":"2016-08-24T20:21:36","guid":{"rendered":"http:\/\/www.pechepanama.com\/new\/?page_id=590"},"modified":"2018-01-15T12:26:22","modified_gmt":"2018-01-15T17:26:22","slug":"les-bivouacs","status":"publish","type":"page","link":"http:\/\/www.pechepanama.com\/fr\/les-bivouacs\/","title":{"rendered":"LES BIVOUACS"},"content":{"rendered":"<p><\/p>\n<p class=\"p1\"><span class=\"s1\">Les bivouacs sont un v\u00e9ritable \u00ab\u00a0must\u00a0\u00bb dans un s\u00e9jour chez Olivier. Mis au points et affin\u00e9s de saisons en saisons, ils sont une sp\u00e9cialit\u00e9 chez Olivier P\u00eache. Ils prennent place sur les \u00eele \u00e9loign\u00e9es de <em>Montuosa<\/em> et <em>Jicaron<\/em>.<\/span><\/p>\n<p class=\"p1\"><span class=\"s1\">Ces bivouacs ont trois objectifs:<\/span><\/p>\n<p class=\"p1\"><span class=\"s1\">&#8211; S\u2019immerger totalement dans l\u2019environnement sauvage et recul\u00e9 de l\u2019archipel.<\/span><\/p>\n<ul>\n<li class=\"li1\"><span class=\"s1\">Eviter de tr\u00e8s long transferts en bateaux pour acc\u00e9der aux meilleures zones de p\u00eache. Moins de temps perdu et plus de p\u00eache!<\/span><\/li>\n<li class=\"li1\"><span class=\"s1\">Acc\u00e9der aux meilleurs spots de p\u00eache de l\u2019archipel pour des r\u00e9sultats les plus complets possibles, en variant la p\u00eache des p\u00e9lagiques et des s\u00e9dentaires.<\/span><\/li>\n<\/ul>\n<p class=\"p1\"><span class=\"s1\">Les p\u00eacheurs disposent d\u2019une tente individuelle et d\u2019un matelas. Les repas sont pris face \u00e0 la mer. <\/span><\/p>\n<p class=\"p1\"><span class=\"s1\">Il est possible de prendre une douche rapide sur les bateaux, ou dans les ravines de l\u2019\u00eele en d\u00e9but et fin de saison. Suzy accompagne pendant les bivouacs et s\u2019occupe de la logistique sur l\u2019\u00eele et des repas.<\/span><\/p>\n<p class=\"p1\"><span class=\"s1\">Prendre son ap\u00e9ritif entre amis sous les cocotiers face \u00e0 un coucher de soleil sur le pacifique n\u2019a pas d\u2019\u00e9gal! Les bivouacs se d\u00e9roulent sur une dur\u00e9e minimum de 3 nuits (4 jours de p\u00eache).<\/span><\/p>\n<hr \/>\n<h2><b>Le bivouac de Montuosa:<\/b><\/h2>\n<p style=\"text-align: justify;\"><div class=\"ezcol ezcol-one-half\"><img loading=\"lazy\" class=\"aligncenter size-full wp-image-1070\" src=\"http:\/\/www.pechepanama.com\/wp-content\/uploads\/2018\/01\/montuosa.gif\" alt=\"\" width=\"600\" height=\"400\" \/><\/div>Montuosa est une \u00eele d\u00e9serte et isol\u00e9e, situ\u00e9e \u00e0 50 miles de la c\u00f4te panam\u00e9enne. D\u2019origine volcanique, elle est bord\u00e9e par les grandes fosses continentales et baign\u00e9e de plein fouet par les courants p\u00e9lagiques. Les tombants de l\u2019\u00eele sont particuli\u00e8rement propices aux s\u00e9rioles et aux m\u00e9rous. Mais les p\u00e9lagiques sont l\u2019atout principal de la p\u00eache autour de Montuosa. Gros marlins noirs, espadons voiliers et bancs de gros thons jaunes sont attir\u00e9s par le poisson fourrage qui s\u2019abrite autour de l\u2019\u00eele.<br \/>\nEn deuxi\u00e8me partie de saison, l\u2019\u00eele est le th\u00e9\u00e2tre du passage des grands thons jaunes qui donnent lieux \u00e0 des chasses spectaculaires, les fameuses \u00ab\u00a0lavadoras\u00a0\u00bb.<br \/>\nDepuis Montuosa, il est aussi possible d\u2019aller explorer le fameux Banco Hannibal, rendu mondialement c\u00e9l\u00e8bre pour ses tr\u00e8s gros marlins noirs et ses thons jaunes.<br \/>\nAutour de Montuosa, on p\u00eache au popper sur les chasses de thons, mais aussi \u00e0 la traine pour les poissons \u00e0 rostre et au jig sur les tombants. La p\u00eache y est d\u2019une rare qualit\u00e9 et on est en action 5 minutes apr\u00e8s avoir quitt\u00e9 l\u2019\u00eele! C\u2019est un des rares endroits au monde o\u00f9 il est possible de prendre un marlin, un thon jaune et un cubera dans la m\u00eame journ\u00e9e et presque au m\u00eame endroit. Magie des eaux bleues du Panama!<\/p>\n<hr \/>\n<h2 class=\"p1\"><b>Le bivouac de Jicaron:<\/b><\/h2>\n<p style=\"text-align: justify;\"><div class=\"ezcol ezcol-one-half\"><img loading=\"lazy\" class=\"aligncenter size-full wp-image-1072\" src=\"http:\/\/www.pechepanama.com\/wp-content\/uploads\/2018\/01\/jicaron.gif\" alt=\"\" width=\"600\" height=\"400\" \/><\/div>Le bivouac de Jicaron prend place dans le tr\u00e8s \u00e9loign\u00e9 domaine de la r\u00e9serve marine de Coiba.<\/p>\n<p style=\"text-align: justify;\">Le tour des \u00eeles abritent toutes les esp\u00e8ces de roche du pacifique central, grands cuberas, s\u00e9rioles, poissons coqs, requins et carangues de toutes sortes. C\u2019est \u00e0 Jicaron que se trouvent les fameuse cath\u00e9drales, de v\u00e9ritables pics sous marins, paradis du jigging. Le bivouac de Jicaron est surtout ax\u00e9 sur la p\u00eache au lancer de poppers et de sticks, et au jig, mais n\u2019apporte pas les m\u00eames possibilit\u00e9s que Montuosa pour la p\u00eache des p\u00e9lagiques.<\/p>\n<p style=\"text-align: justify;\"><em>NOTA: Du \u00e0 l\u2019\u00e9loignement du site, au carburant et \u00e0 la logistique, un suppl\u00e9ment de 200 euros\/p\u00eacheur sera demand\u00e9 pour le bivouac sp\u00e9cial de Jicaron.<\/em><\/p>\n<p><\/p>","protected":false},"excerpt":{"rendered":"<p>Les bivouacs sont un v\u00e9ritable \u00ab\u00a0must\u00a0\u00bb dans un s\u00e9jour chez Olivier. Mis au points et affin\u00e9s de saisons en saisons, ils sont une sp\u00e9cialit\u00e9 chez Olivier P\u00eache. Ils prennent place sur les \u00eele \u00e9loign\u00e9es de Montuosa et Jicaron. Ces bivouacs ont trois objectifs: &#8211; S\u2019immerger totalement dans l\u2019environnement sauvage et \u2026<\/p>\n<p class=\"continue-reading-button\"> <a class=\"continue-reading-link\" href=\"http:\/\/www.pechepanama.com\/fr\/les-bivouacs\/\">Continue reading<i class=\"crycon-right-dir\"><\/i><\/a><\/p>\n","protected":false},"author":1,"featured_media":0,"parent":0,"menu_order":0,"comment_status":"closed","ping_status":"closed","template":"","meta":[],"_links":{"self":[{"href":"http:\/\/www.pechepanama.com\/fr\/wp-json\/wp\/v2\/pages\/590"}],"collection":[{"href":"http:\/\/www.pechepanama.com\/fr\/wp-json\/wp\/v2\/pages"}],"about":[{"href":"http:\/\/www.pechepanama.com\/fr\/wp-json\/wp\/v2\/types\/page"}],"author":[{"embeddable":true,"href":"http:\/\/www.pechepanama.com\/fr\/wp-json\/wp\/v2\/users\/1"}],"replies":[{"embeddable":true,"href":"http:\/\/www.pechepanama.com\/fr\/wp-json\/wp\/v2\/comments?post=590"}],"version-history":[{"count":6,"href":"http:\/\/www.pechepanama.com\/fr\/wp-json\/wp\/v2\/pages\/590\/revisions"}],"predecessor-version":[{"id":1073,"href":"http:\/\/www.pechepanama.com\/fr\/wp-json\/wp\/v2\/pages\/590\/revisions\/1073"}],"wp:attachment":[{"href":"http:\/\/www.pechepanama.com\/fr\/wp-json\/wp\/v2\/media?parent=590"}],"curies":[{"name":"wp","href":"https:\/\/api.w.org\/{rel}","templated":true}]}}