{"id":651,"date":"2016-08-24T20:01:41","date_gmt":"2016-08-25T01:01:41","guid":{"rendered":"http:\/\/www.pechepanama.com\/new\/?page_id=651"},"modified":"2017-06-21T15:37:21","modified_gmt":"2017-06-21T20:37:21","slug":"fiche-materiel","status":"publish","type":"page","link":"http:\/\/www.pechepanama.com\/fr\/fiche-materiel\/","title":{"rendered":"FICHE MATERIEL"},"content":{"rendered":"<p><\/p>\n<h2>Les conseils d\u2019Olivier Charpentier:<\/h2>\n<p>Il n\u2019est pas n\u00e9cessaire de se surcharger en mat\u00e9riel pour un voyage au Panama. Il est important avoir juste ce qu\u2019il faut, et surtout des produits s\u00e9lectionn\u00e9s et de grande qualit\u00e9, sous peine de grosses d\u00e9ceptions face \u00e0 un cubera ou un gros thon.<br \/>\nTout abord le mat\u00e9riel indispensable pour sa sant\u00e9 et son confort.<br \/>\nAttention, le soleil tape tr\u00e8s fort au Panama.<\/p>\n<ul>\n<li>Casquette \u00e0 large visi\u00e8re<\/li>\n<li>Lunettes polarisantes<\/li>\n<li>Cagoule anti UV de type \u00ab&nbsp;Buff&nbsp;\u00bb<\/li>\n<li>Chemises et lycras \u00e0 manche longue<\/li>\n<li>Plantalons long en toile l\u00e9g\u00e8re<\/li>\n<li>Cr\u00e9me solaire \u00e9cran 50 minimum<\/li>\n<li>V\u00eatement de pluie l\u00e9ger<\/li>\n<li>Produit anti insecte (bivouac) (Olivier en vend un tr\u00e8s efficace sur place)<\/li>\n<li>Lampe frontale et plies de rechange (bivouac)<\/li>\n<li>Petit sac \u00e9tanche de 5 \u00e010 litres (bivouac).<\/li>\n<\/ul>\n<hr>\n<h3><em><strong>Les cannes:<\/strong><\/em><br \/>\nIl faut 3 cannes pour bien r\u00e9ussir son s\u00e9jour. Je recommande de plus en plus les cannes \u00ab&nbsp;travel&nbsp;\u00bb en plusieurs brins qui ont consid\u00e9rablement progress\u00e9 ces derni\u00e8res ann\u00e9es. Elles permettent de s\u2019affranchir de la gal\u00e8re du tube de cannes dans les voyages. Fini les suppl\u00e9ments de bagages, les craintes de casses ou du tube qui n\u2019arrive pas sur le tapis.<\/h3>\n<p><em><strong>1 Une canne de popper puissante pour les thons et les cuberas.<\/strong><\/em><\/p>\n<p>Elle doit supporter une tresse de 80 lbs et mesurer de 7,5 \u00e0 8 pieds.<br \/>\nChez Tenryu la Furary travel<br \/>\nChez Zenacq la magnifique gamme des ROUF travel qui couvre toutes les gammes de puissance.<br \/>\nSmith fait aussi des mod\u00e8les int\u00e9ressants.<br \/>\nDans les cannes deux brins, la zenacq Fokeeto 76-7 est parfaite.<br \/>\n2 Une canne de lancer plus l\u00e9g\u00e8re en 40\/50 lbs.<br \/>\n3 Une canne de Jig de puissance moyenne (50 \u00e0 60 lbs)<br \/>\nChez Zenacq la Fokeeto 53-12<br \/>\nShimano jig rex (budget moins \u00e9lev\u00e9)<\/p>\n<hr>\n<h3><em><strong> Les moulinets:<\/strong><\/em><\/h3>\n<p>SHIMANO Stella 14000 et 6000 pour le lancer.<br \/>\nSHIMANO LG 10000 (low ratio) pour le jig.<br \/>\nDAIWA Saltiga 6000 et 4500<br \/>\nLa gamme des SHIMANO Saragossa est aussi un tr\u00e8s bon compromis qualit\u00e9 prix.<\/p>\n<p>IMPORTANT: <em>Location de cannes et moulinets au lodge.<\/em><\/p>\n<p><img loading=\"lazy\" class=\"alignleft wp-image-658 size-full\" src=\"http:\/\/www.pechepanama.com\/wp-content\/uploads\/2016\/08\/98-1.jpg\" width=\"400\" height=\"268\" srcset=\"http:\/\/www.pechepanama.com\/wp-content\/uploads\/2016\/08\/98-1.jpg 400w, http:\/\/www.pechepanama.com\/wp-content\/uploads\/2016\/08\/98-1-300x201.jpg 300w\" sizes=\"(max-width: 400px) 100vw, 400px\" \/>Pour ceux qui ne souhaitent pas trop investir sur un premier voyage ou tout simplement voyager l\u00e9ger, des ensembles cannes moulinets de lancer et de jig sont en location au lodge.<br \/>\nIl s\u2019agit d\u2019ensembles performants, cannes Zenacq et shimano, moulinets shimanos.<br \/>\nLe cout de la location est de 25 euros\/jour\/ensemble.<\/p>\n<p>Le petit mat\u00e9riel:<\/p>\n<p>IMPORTANT:<br \/>\n<strong><em>T<\/em><em>out les leurres et le petit mat\u00e9riel n\u00e9cessaire est en vente localement \u00e0 la boutique \u00ab&nbsp;Olivier p\u00eache&nbsp;\u00bb. Et notamment le stick sp\u00e9cial cubera d\u2019Olivier! Les prix sont sensiblement ceux rencontr\u00e9s dans les boutiques en France. Donc pas de soucis en cas de panne, il y a tout ce qu\u2019il faut sur place.<\/em><\/strong><br \/>\n<strong><em> Je donne ici une id\u00e9e des leurres que nous utilisons avec succ\u00e8s, mais il y en a bien sur d\u2019autres.<\/em><\/strong><\/p>\n<hr>\n<h3>Les poppers:<\/h3>\n<p><img loading=\"lazy\" class=\"alignleft wp-image-660 size-full\" src=\"http:\/\/www.pechepanama.com\/wp-content\/uploads\/2016\/08\/100-1.jpg\" width=\"400\" height=\"286\" srcset=\"http:\/\/www.pechepanama.com\/wp-content\/uploads\/2016\/08\/100-1.jpg 400w, http:\/\/www.pechepanama.com\/wp-content\/uploads\/2016\/08\/100-1-300x215.jpg 300w\" sizes=\"(max-width: 400px) 100vw, 400px\" \/>DUM<img loading=\"lazy\" class=\"alignleft wp-image-659 size-full\" src=\"http:\/\/www.pechepanama.com\/wp-content\/uploads\/2016\/08\/99-1.jpg\" width=\"400\" height=\"317\" srcset=\"http:\/\/www.pechepanama.com\/wp-content\/uploads\/2016\/08\/99-1.jpg 400w, http:\/\/www.pechepanama.com\/wp-content\/uploads\/2016\/08\/99-1-300x238.jpg 300w\" sizes=\"(max-width: 400px) 100vw, 400px\" \/>BELL 200 et 150 Rivertosea<br \/>\nROOSTA POPPER HALCO 195 et 150<\/p>\n<hr>\n<h3>Les Sticks baits:<\/h3>\n<p><img loading=\"lazy\" class=\"alignleft wp-image-662 size-full\" src=\"http:\/\/www.pechepanama.com\/wp-content\/uploads\/2016\/08\/102-1.jpg\" width=\"400\" height=\"369\" srcset=\"http:\/\/www.pechepanama.com\/wp-content\/uploads\/2016\/08\/102-1.jpg 400w, http:\/\/www.pechepanama.com\/wp-content\/uploads\/2016\/08\/102-1-300x277.jpg 300w\" sizes=\"(max-width: 400px) 100vw, 400px\" \/>Il faut des gros sticks et surtout COULANTS pour la cubera. Attention de bien prendre des mod\u00e8les en SK (sinking). Pour le thon, les sticks autour de 15 cm.<br \/>\nSEBILE Stick shadd 182 et 155 SK (pure fishing)<br \/>\nGUNZ S 180, 160 et 140.<br \/>\nBaby rainbow<br \/>\nPetits sticks coulants 12 cm (ex: SEBILE stick shadd 114 SK.)<br \/>\nQuelques casts jigs de 40 \u00e0 60 grammes pour les chasses de bonite et de sierras.<br \/>\nColoris: blancs, rose, orange, vert.<\/p>\n<hr>\n<h3>Les jigs:<\/h3>\n<p>Pr\u00e9f\u00e9rez des jigs courts et un peu plats, de 100 \u00e0 200 grammes. Prendre aussi un jig de 300 grammes pour certaines conditions. Un total de 8 jigs\/ p\u00eacheur conviennent pour un s\u00e9jour.<br \/>\nWILLAMSON Vortex<br \/>\nHAYABUSA<br \/>\nCB ONE<br \/>\nSHIMANO Butterfly<br \/>\nWeepy<\/p>\n<hr>\n<h3>Tresses et bas de ligne:<\/h3>\n<p><img loading=\"lazy\" class=\"alignleft wp-image-663 size-full\" src=\"http:\/\/www.pechepanama.com\/wp-content\/uploads\/2016\/08\/101-1.jpg\" width=\"400\" height=\"412\" srcset=\"http:\/\/www.pechepanama.com\/wp-content\/uploads\/2016\/08\/101-1.jpg 400w, http:\/\/www.pechepanama.com\/wp-content\/uploads\/2016\/08\/101-1-291x300.jpg 291w\" sizes=\"(max-width: 400px) 100vw, 400px\" \/>Olivier recommande chaudement VARIVAS.<br \/>\nPour le lancer:<br \/>\nTresse VARIVAS SMP (super max power) en 80 lbs (PE 6) et 50 lbs (PH 4).<br \/>\nPour le jig:<br \/>\nTresse VARIVAS Big one (change de couleur tous les 10 m\u00e8tres).<br \/>\nBas de ligne:<br \/>\nVARIVAS shock leader (bleu)<br \/>\n140 lbs pour le lancer<br \/>\n100 lbs pour le jig<\/p>\n<hr>\n<h3>Hame\u00e7ons et autre petit mat\u00e9riel<\/h3>\n<p><img loading=\"lazy\" class=\"alignleft wp-image-664 size-full\" src=\"http:\/\/www.pechepanama.com\/wp-content\/uploads\/2016\/08\/97-1.jpg\" width=\"400\" height=\"297\" srcset=\"http:\/\/www.pechepanama.com\/wp-content\/uploads\/2016\/08\/97-1.jpg 400w, http:\/\/www.pechepanama.com\/wp-content\/uploads\/2016\/08\/97-1-300x223.jpg 300w\" sizes=\"(max-width: 400px) 100vw, 400px\" \/> <img loading=\"lazy\" class=\"alignleft wp-image-665 size-full\" src=\"http:\/\/www.pechepanama.com\/wp-content\/uploads\/2016\/08\/103-1.jpg\" width=\"400\" height=\"322\" srcset=\"http:\/\/www.pechepanama.com\/wp-content\/uploads\/2016\/08\/103-1.jpg 400w, http:\/\/www.pechepanama.com\/wp-content\/uploads\/2016\/08\/103-1-300x242.jpg 300w\" sizes=\"(max-width: 400px) 100vw, 400px\" \/>Triples OWNERS ST66 en 4\/0, 3\/0 et 2\/0<br \/>\nCircle hooks OWNERS MUTU circle 6\/0. (Ref 5163-161). Pour la p\u00eache au vif des cuberas et poissons coqs.<br \/>\nAnneaux bris\u00e9es OWNERS n\u00b08 et 9.<br \/>\nAnneaux soud\u00e9s OWNERS solid ring n\u00b0 6,5 (ref 5195-656)<br \/>\nEmerillons baril (sans agrafe) SAMPO r\u00e9sistance 200 lbs.<br \/>\nPetites mitraillettes hame\u00e7ons n\u00b06 pour p\u00eacher les vifs.<\/p>\n<hr>\n<h3>Baudriers et cannes de traine:<\/h3>\n<p>Amenez seulement un tapis de lancer ou un l\u00e9ger godet.<br \/>\nLes baudriers \u00ab&nbsp;lourds&nbsp;\u00bb (Black magic) pour le big game sont fournis avec le bateau, ainsi que les cannes et moulinets de traine.<\/p>","protected":false},"excerpt":{"rendered":"<p>Les conseils d\u2019Olivier Charpentier: Il n\u2019est pas n\u00e9cessaire de se surcharger en mat\u00e9riel pour un voyage au Panama. Il est important avoir juste ce qu\u2019il faut, et surtout des produits s\u00e9lectionn\u00e9s et de grande qualit\u00e9, sous peine de grosses d\u00e9ceptions face \u00e0 un cubera ou un gros thon. Tout abord \u2026<\/p>\n<p class=\"continue-reading-button\"> <a class=\"continue-reading-link\" href=\"http:\/\/www.pechepanama.com\/fr\/fiche-materiel\/\">Continue reading<i class=\"crycon-right-dir\"><\/i><\/a><\/p>\n","protected":false},"author":1,"featured_media":0,"parent":0,"menu_order":0,"comment_status":"closed","ping_status":"closed","template":"","meta":[],"_links":{"self":[{"href":"http:\/\/www.pechepanama.com\/fr\/wp-json\/wp\/v2\/pages\/651"}],"collection":[{"href":"http:\/\/www.pechepanama.com\/fr\/wp-json\/wp\/v2\/pages"}],"about":[{"href":"http:\/\/www.pechepanama.com\/fr\/wp-json\/wp\/v2\/types\/page"}],"author":[{"embeddable":true,"href":"http:\/\/www.pechepanama.com\/fr\/wp-json\/wp\/v2\/users\/1"}],"replies":[{"embeddable":true,"href":"http:\/\/www.pechepanama.com\/fr\/wp-json\/wp\/v2\/comments?post=651"}],"version-history":[{"count":4,"href":"http:\/\/www.pechepanama.com\/fr\/wp-json\/wp\/v2\/pages\/651\/revisions"}],"predecessor-version":[{"id":966,"href":"http:\/\/www.pechepanama.com\/fr\/wp-json\/wp\/v2\/pages\/651\/revisions\/966"}],"wp:attachment":[{"href":"http:\/\/www.pechepanama.com\/fr\/wp-json\/wp\/v2\/media?parent=651"}],"curies":[{"name":"wp","href":"https:\/\/api.w.org\/{rel}","templated":true}]}}