{"id":692,"date":"2016-08-29T10:25:53","date_gmt":"2016-08-29T15:25:53","guid":{"rendered":"http:\/\/www.pechepanama.com\/new\/?page_id=692"},"modified":"2018-01-15T12:58:41","modified_gmt":"2018-01-15T17:58:41","slug":"excursions-decouverte","status":"publish","type":"page","link":"http:\/\/www.pechepanama.com\/fr\/excursions-decouverte\/","title":{"rendered":"EXCURSIONS  DECOUVERTE"},"content":{"rendered":"<p><\/p>\n<div align=\"center\">\n<h2>D\u00e9couverte des \u00eeles et pique-nique sur une plage de r\u00eave<\/h2>\n<p>L\u2019aspect sauvage et la beaut\u00e9 des \u00eeles de l\u2019archipel ne laissent pas indiff\u00e9rents.<br \/>\nDe magnifiques plages d\u00e9sertes offrent repos et baignade.<\/p>\n<hr \/>\n<div id=\"attachment_694\" style=\"width: 560px\" class=\"wp-caption aligncenter\"><img aria-describedby=\"caption-attachment-694\" loading=\"lazy\" class=\"wp-image-694 size-full\" src=\"http:\/\/www.pechepanama.com\/wp-content\/uploads\/2016\/08\/Plages-archipel-Panama-1.jpg\" alt=\"Plages-archipel-Panama\" width=\"550\" height=\"413\" srcset=\"http:\/\/www.pechepanama.com\/wp-content\/uploads\/2016\/08\/Plages-archipel-Panama-1.jpg 550w, http:\/\/www.pechepanama.com\/wp-content\/uploads\/2016\/08\/Plages-archipel-Panama-1-300x225.jpg 300w\" sizes=\"(max-width: 550px) 100vw, 550px\" \/><p id=\"caption-attachment-694\" class=\"wp-caption-text\">Ressourcez-vous, vous ne serez d\u00e9rang\u00e9 que par le bruit des vagues et des oiseaux.<\/p><\/div>\n<hr \/>\n<h1 align=\"center\">Le parc national marin<br \/>\nde Parida-Bolanos<\/h1>\n<div align=\"center\"><img loading=\"lazy\" class=\"alignleft wp-image-696 \" src=\"http:\/\/www.pechepanama.com\/wp-content\/uploads\/2016\/08\/Fregates-Panama-1.jpg\" width=\"360\" height=\"241\" srcset=\"http:\/\/www.pechepanama.com\/wp-content\/uploads\/2016\/08\/Fregates-Panama-1.jpg 550w, http:\/\/www.pechepanama.com\/wp-content\/uploads\/2016\/08\/Fregates-Panama-1-300x201.jpg 300w\" sizes=\"(max-width: 360px) 100vw, 360px\" \/><\/div>\n<p><img loading=\"lazy\" class=\"alignleft wp-image-697 \" src=\"http:\/\/www.pechepanama.com\/wp-content\/uploads\/2016\/08\/pelican_Panama-1.jpg\" alt=\"\" width=\"361\" height=\"242\" srcset=\"http:\/\/www.pechepanama.com\/wp-content\/uploads\/2016\/08\/pelican_Panama-1.jpg 550w, http:\/\/www.pechepanama.com\/wp-content\/uploads\/2016\/08\/pelican_Panama-1-300x201.jpg 300w\" sizes=\"(max-width: 361px) 100vw, 361px\" \/><\/p>\n<hr \/>\n<p>Pour les amateurs de nature brute et d\u2019ornithologie, l\u2019approche des \u00eeles aux oiseaux vous permettent d\u2019observer la nidification des fr\u00e9gates, ibis, spatules, et autres oiseaux de mer.<\/p>\n<\/div>\n<p>&nbsp;<\/p>\n<div align=\"center\">\n<div id=\"attachment_699\" style=\"width: 560px\" class=\"wp-caption alignleft\"><img aria-describedby=\"caption-attachment-699\" loading=\"lazy\" class=\"wp-image-699 size-full\" src=\"http:\/\/www.pechepanama.com\/wp-content\/uploads\/2016\/08\/baleine3-1.jpg\" width=\"550\" height=\"413\" srcset=\"http:\/\/www.pechepanama.com\/wp-content\/uploads\/2016\/08\/baleine3-1.jpg 550w, http:\/\/www.pechepanama.com\/wp-content\/uploads\/2016\/08\/baleine3-1-300x225.jpg 300w\" sizes=\"(max-width: 550px) 100vw, 550px\" \/><p id=\"caption-attachment-699\" class=\"wp-caption-text\">En saison, les baleines \u00e0 bosse s\u2019approchent de l\u2019archipel en vue de la reproduction et de la mise bas. Un moment unique pour les observer.<\/p><\/div>\n<p>&nbsp;<\/p>\n<hr \/>\n<\/div>\n<h1 align=\"center\">La visite des communaut\u00e9s indiennes du Rio Soloy<\/h1>\n<div class=\"ezcol ezcol-one-half\"><img loading=\"lazy\" class=\"aligncenter size-full wp-image-1074\" src=\"http:\/\/www.pechepanama.com\/wp-content\/uploads\/2018\/01\/soloy.gif\" alt=\"\" width=\"413\" height=\"276\" \/><\/div>\n<p style=\"text-align: justify;\">Partez \u00e0 la rencontre des premiers habitants du Panama, les communaut\u00e9s indiennes qui peuplent les montagnes du Panama.Ce peuple vit encore de nos jours de fa\u00e7on traditionnelle en parfaite harmonie avec la nature.<br \/>\nVenir \u00e0 leur rencontre est un grand moment d\u2019humanit\u00e9, et un certain retour sur soi m\u00eame.<\/p>\n<hr \/>\n<h2>Plong\u00e9e sous marine<\/h2>\n<div class=\"ezcol ezcol-one-half\"><img loading=\"lazy\" class=\"aligncenter size-full wp-image-1076\" src=\"http:\/\/www.pechepanama.com\/wp-content\/uploads\/2018\/01\/buceo.gif\" alt=\"\" width=\"413\" height=\"310\" \/><\/div>\n<p style=\"text-align: justify;\">Le Dive Master Carlos Spragge et l&rsquo;instructeur Rey Sanchez vous encadrent pour des plong\u00e9es sous marines sur divers spots de l\u2019archipel, notamment les tombants des \u00ab\u00a0\u00eeles Ladrones\u00a0\u00bb.<\/p>\n<hr \/>\n<h2>Les sources chaudes de Caldera et la vall\u00e9e de Boquete<\/h2>\n<div class=\"ezcol ezcol-one-half\"><img loading=\"lazy\" class=\"aligncenter size-full wp-image-1078\" src=\"http:\/\/www.pechepanama.com\/wp-content\/uploads\/2018\/01\/valle.gif\" alt=\"\" width=\"413\" height=\"276\" \/><\/div>\n<p style=\"text-align: justify;\">Par une petite marche d\u2019approche \u00e0 travers les vergers et paturages d\u2019une finca luxuriante, vous vous d\u00e9tendrez dans les sources d\u2019eau chaude naturelle sortant des entrailles du volcan Baru.<\/p>\n<h3>D\u00e9couverte et d\u00e9paysement garanti.<\/h3>\n<p style=\"text-align: justify;\">La sortie peut \u00eatre combin\u00e9e avec la d\u00e9couverte de la station d\u2019altitude de Boquete. (alt 1300 m).<\/p>\n<p>Au programme, visite du village et de la plantation de caf\u00e9 \u00ab\u00a0Sitton\u00a0\u00bb. Vous partez en compagnie de votre chauffeur qui vous guidera tout au long de la journ\u00e9e.<br \/>\nRepas du midi au restaurant \u00e0 Boquete ou en pique-nique<br \/>\n(aux sources chaudes).<br \/>\nD\u00e9couvrez \u00e0 cheval les grandes \u00ab\u00a0fincas\u00a0\u00bb du panama qui d\u00e9voilent l&rsquo;importance de l&rsquo;\u00e9levage dans la r\u00e9gion du Chiriqui.<\/p>\n<hr \/>\n<h2>Promenades \u00e0 cheval.<\/h2>\n<div class=\"ezcol ezcol-one-half\"><img loading=\"lazy\" class=\"aligncenter size-full wp-image-1080\" src=\"http:\/\/www.pechepanama.com\/wp-content\/uploads\/2018\/01\/caballo.gif\" alt=\"\" width=\"413\" height=\"275\" \/><\/div>\n<p style=\"text-align: justify;\">Accompagn\u00e9 de votre guide local, lui-m\u00eame propri\u00e9taire de ces vastes terres, il vous expliquera comment se passe la vie des \u00e9leveurs au Panama.<\/p>\n<p><\/p>","protected":false},"excerpt":{"rendered":"<p>D\u00e9couverte des \u00eeles et pique-nique sur une plage de r\u00eave L\u2019aspect sauvage et la beaut\u00e9 des \u00eeles de l\u2019archipel ne laissent pas indiff\u00e9rents. De magnifiques plages d\u00e9sertes offrent repos et baignade. Le parc national marin de Parida-Bolanos Pour les amateurs de nature brute et d\u2019ornithologie, l\u2019approche des \u00eeles aux oiseaux \u2026<\/p>\n<p class=\"continue-reading-button\"> <a class=\"continue-reading-link\" href=\"http:\/\/www.pechepanama.com\/fr\/excursions-decouverte\/\">Continue reading<i class=\"crycon-right-dir\"><\/i><\/a><\/p>\n","protected":false},"author":1,"featured_media":0,"parent":0,"menu_order":0,"comment_status":"closed","ping_status":"closed","template":"","meta":[],"_links":{"self":[{"href":"http:\/\/www.pechepanama.com\/fr\/wp-json\/wp\/v2\/pages\/692"}],"collection":[{"href":"http:\/\/www.pechepanama.com\/fr\/wp-json\/wp\/v2\/pages"}],"about":[{"href":"http:\/\/www.pechepanama.com\/fr\/wp-json\/wp\/v2\/types\/page"}],"author":[{"embeddable":true,"href":"http:\/\/www.pechepanama.com\/fr\/wp-json\/wp\/v2\/users\/1"}],"replies":[{"embeddable":true,"href":"http:\/\/www.pechepanama.com\/fr\/wp-json\/wp\/v2\/comments?post=692"}],"version-history":[{"count":10,"href":"http:\/\/www.pechepanama.com\/fr\/wp-json\/wp\/v2\/pages\/692\/revisions"}],"predecessor-version":[{"id":1081,"href":"http:\/\/www.pechepanama.com\/fr\/wp-json\/wp\/v2\/pages\/692\/revisions\/1081"}],"wp:attachment":[{"href":"http:\/\/www.pechepanama.com\/fr\/wp-json\/wp\/v2\/media?parent=692"}],"curies":[{"name":"wp","href":"https:\/\/api.w.org\/{rel}","templated":true}]}}